{"id":49,"date":"2023-02-03T09:59:23","date_gmt":"2023-02-03T08:59:23","guid":{"rendered":"https:\/\/lipro-cpse.fr\/?page_id=49"},"modified":"2023-02-03T09:59:23","modified_gmt":"2023-02-03T08:59:23","slug":"temoignages","status":"publish","type":"page","link":"https:\/\/lipro-cpse.fr\/index.php\/temoignages\/","title":{"rendered":"T\u00e9moignages"},"content":{"rendered":"\n<figure class=\"wp-block-table aligncenter\"><table class=\"has-primary-color has-text-color\"><tbody><tr><td class=\"has-text-align-center\" data-align=\"center\"><strong>APPRENTIS<\/strong><\/td><td class=\"has-text-align-center\" data-align=\"center\"><strong>MAITRES D&rsquo;APPRENTISSAGES<\/strong><\/td><\/tr><tr><td class=\"has-text-align-center\" data-align=\"center\"><strong><u>Jean-Philippe Lascombes (promotion 2014\/2015<\/u><\/strong>)<\/td><td class=\"has-text-align-center\" data-align=\"center\"><strong><u>Dominique Rosaclot (ACTIA &#8211; TOULOUSE<\/u><\/strong>)<\/td><\/tr><tr><td class=\"has-text-align-center\" data-align=\"center\">Qu&rsquo;est-ce que la licence CPSE vous a apport\u00e9e?<br>\u00ab\u00a0<em>La licence CPSE m&rsquo;a apport\u00e9 des connaissance dans l&rsquo;\u00e9lectronique m&rsquo;offrant la possibilit\u00e9 de me sp\u00e9cialiser dans la conception et la production de cartes, et de syst\u00e8mes \u00e9lectronique \u00e0 la suite de mon BTS Syst\u00e8me \u00e9lectronique. Me permettant aujourd&rsquo;hui de ma\u00eetriser toutes les \u00e9tapes allant de la th\u00e9orie, \u00e0 l&rsquo;int\u00e9gration du produit dans son systeme, ainsi que son utilisation sur certains projets.<\/em>\u00ab\u00a0<br>En quoi l&rsquo;apprentissage a apport\u00e9 une plus-value \u00e0 votre formation?<br>\u00ab\u00a0<em>L&rsquo;apprentissage a apport\u00e9 une \u00e9norme plus-value car elle permet d&rsquo;appliquer directement les connaissances acquises lors des cours de la licence, en entreprise. Permettant ainsi de voir pr\u00e9cis\u00e9ment les activit\u00e9s qui nous passionne le plus, afin d&rsquo;en devenir un expert sur le sujet<\/em>.\u00a0\u00bb<\/td><td class=\"has-text-align-center\" data-align=\"center\">Quels avantages voyez-vous \u00e0 recruter un collaborateur ayant fait une formation en apprentissage?<br><em>\u00ab\u00a0Ce collaborateur aura d\u00e9j\u00e0 acquis le savoir \u00eatre et des comp\u00e9tences op\u00e9rationnelles en entreprise.\u00a0Cela garanti \u00e0 l&rsquo;entreprise qui recrute un minimum de savoir-faire permettant au collaborateur d&rsquo;\u00eatre op\u00e9rationnel rapidement<\/em>\u00ab\u00a0<br>En quoi la formation d\u00e9livr\u00e9e au sein de la licence r\u00e9pond aux attentes des entreprises?<br>\u00ab\u00a0<em>Cette formation est tr\u00e8s orient\u00e9e sur un ensemble de process et connaissances directement utilisables en entreprise. De plus, la licence est tr\u00e8s attentive aux observations des entreprises partenaires et ses enseignements \u00e9voluent r\u00e9guli\u00e8rement pour rester en ad\u00e9quation avec les attentes du milieu professionnel<\/em>\u00ab\u00a0<\/td><\/tr><tr><td class=\"has-text-align-center\" data-align=\"center\"><strong><u>Ekaterina Walschaerts\u00a0(promotion 2019\/2020)<\/u><\/strong><\/td><td class=\"has-text-align-center\" data-align=\"center\"><strong><u>Nicolas Malgouyres\u00a0(Thales Aliena Space &#8211; TOULOUSE)<\/u><\/strong><\/td><\/tr><tr><td class=\"has-text-align-center\" data-align=\"center\">Qu&rsquo;est-ce que la licence CPSE vous a apport\u00e9e?<br>\u00ab\u00a0<em>De nombreuses connaissances sur la conception et l\u2019assemblage de carte \u00e9lectronique. Suivre certains cours avec des intervenants provenant directement de milieu industriel, nous a permis d\u2019aborder des sujets avec diff\u00e9rents point de vue et de facilit\u00e9 la transition entre l\u2019\u00e9cole et le monde du travail. Aujourd\u2019hui ses connaissances m\u2019ont permis de trouver facilement un emploi.<\/em>\u00a0\u00ab\u00a0<br>En quoi l&rsquo;apprentissage a apport\u00e9 une plus-value \u00e0 votre formation?<br>\u00ab\u00a0<em>Une autre fa\u00e7on d\u2019apprendre et une mise en pratique des connaissances observ\u00e9es en cours. La p\u00e9riode en entreprise m\u2019a permis de rencontrer des personnes qui m\u2019ont partag\u00e9 leur exp\u00e9rience professionnelle et leurs savoir-faire enrichissants. Cela m\u2019a permis aussi de d\u00e9couvrir les diff\u00e9rents m\u00e9tiers et donc de mieux m\u2019orienter dans mes choix.<\/em>\u00ab\u00a0<\/td><td class=\"has-text-align-center\" data-align=\"center\">Quels avantages voyez-vous \u00e0 recruter un collaborateur ayant fait une formation en apprentissage?<br><em>\u00ab\u00a0L\u2019immersion au sein de l\u2019entreprise est un \u00e9l\u00e9ment essentiel \u00e0 la r\u00e9ussite des \u00e9tudes et \u00e0 la compr\u00e9hension des enjeux du monde de demain.\u00a0Par la voie de l\u2019apprentissage, l\u2019apprenti va acqu\u00e9rir une r\u00e9elle exp\u00e9rience professionnelle et mobiliser ses connaissances acquises durant la formation.<\/em>\u00ab\u00a0<br>En quoi la formation d\u00e9livr\u00e9e au sein de la licence r\u00e9pond aux attentes des entreprises?<br>\u00ab\u00a0<em>La formation de la License CPSE apporte la th\u00e9orie aux apprenties dont ils ont besoin Nous constatons que le contenu de la License r\u00e9pond tr\u00e8s bien aux m\u00e9tiers de notre service M\u00e9thodes &amp; Proc\u00e9d\u00e9s d\u2019assemblage de carte \u00e9lectronique. Cela apporte \u00e0 l\u2019apprenti de l\u2019exp\u00e9rience \u00e0 la th\u00e9orie, un parcours concret et professionnalisant avec un dipl\u00f4me<\/em>.\u00a0\u00bb<\/td><\/tr><\/tbody><\/table><\/figure>\n","protected":false},"excerpt":{"rendered":"<p>APPRENTIS MAITRES D&rsquo;APPRENTISSAGES Jean-Philippe Lascombes (promotion 2014\/2015) Dominique Rosaclot (ACTIA &#8211; TOULOUSE) Qu&rsquo;est-ce que la licence CPSE vous a apport\u00e9e?\u00ab\u00a0La licence CPSE m&rsquo;a apport\u00e9 des connaissance dans l&rsquo;\u00e9lectronique m&rsquo;offrant la possibilit\u00e9 de me sp\u00e9cialiser dans la conception et la production de cartes, et de syst\u00e8mes \u00e9lectronique \u00e0 la suite de mon BTS Syst\u00e8me \u00e9lectronique. Me [&hellip;]<\/p>\n","protected":false},"author":1,"featured_media":0,"parent":0,"menu_order":0,"comment_status":"closed","ping_status":"closed","template":"","meta":{"footnotes":""},"class_list":["post-49","page","type-page","status-publish","hentry"],"_links":{"self":[{"href":"https:\/\/lipro-cpse.fr\/index.php\/wp-json\/wp\/v2\/pages\/49","targetHints":{"allow":["GET"]}}],"collection":[{"href":"https:\/\/lipro-cpse.fr\/index.php\/wp-json\/wp\/v2\/pages"}],"about":[{"href":"https:\/\/lipro-cpse.fr\/index.php\/wp-json\/wp\/v2\/types\/page"}],"author":[{"embeddable":true,"href":"https:\/\/lipro-cpse.fr\/index.php\/wp-json\/wp\/v2\/users\/1"}],"replies":[{"embeddable":true,"href":"https:\/\/lipro-cpse.fr\/index.php\/wp-json\/wp\/v2\/comments?post=49"}],"version-history":[{"count":2,"href":"https:\/\/lipro-cpse.fr\/index.php\/wp-json\/wp\/v2\/pages\/49\/revisions"}],"predecessor-version":[{"id":51,"href":"https:\/\/lipro-cpse.fr\/index.php\/wp-json\/wp\/v2\/pages\/49\/revisions\/51"}],"wp:attachment":[{"href":"https:\/\/lipro-cpse.fr\/index.php\/wp-json\/wp\/v2\/media?parent=49"}],"curies":[{"name":"wp","href":"https:\/\/api.w.org\/{rel}","templated":true}]}}